{"id":824,"date":"2019-08-12T12:52:55","date_gmt":"2019-08-12T12:52:55","guid":{"rendered":"https:\/\/biagiotti.qodeinteractive.com\/elementor\/?page_id=824"},"modified":"2024-11-20T09:43:23","modified_gmt":"2024-11-20T09:43:23","slug":"contact-us","status":"publish","type":"page","link":"https:\/\/msbeautyco.de\/index.php\/contact-us\/","title":{"rendered":"Kontakt"},"content":{"rendered":"\t\t<div data-elementor-type=\"wp-page\" data-elementor-id=\"824\" class=\"elementor elementor-824\">\n\t\t\t\t\t\t<section class=\"elementor-section elementor-top-section elementor-element elementor-element-a2fd849 elementor-section-full_width elementor-section-height-default elementor-section-height-default mkdf-parallax-row-no mkdf-content-aligment-left mkdf-row-grid-no mkdf-disabled-bg-image-bellow-no\" data-id=\"a2fd849\" data-element_type=\"section\" data-e-type=\"section\" data-settings=\"{&quot;background_background&quot;:&quot;classic&quot;}\">\n\t\t\t\t\t\t<div class=\"elementor-container elementor-column-gap-default\">\n\t\t\t\t\t<div class=\"elementor-column elementor-col-100 elementor-top-column elementor-element elementor-element-b855cb8\" data-id=\"b855cb8\" data-element_type=\"column\" data-e-type=\"column\" data-settings=\"{&quot;background_background&quot;:&quot;classic&quot;}\">\n\t\t\t<div class=\"elementor-widget-wrap elementor-element-populated\">\n\t\t\t\t\t\t<section class=\"elementor-section elementor-inner-section elementor-element elementor-element-78503cd mkdf-row-grid-section elementor-section-boxed elementor-section-height-default elementor-section-height-default mkdf-parallax-row-no mkdf-content-aligment-left mkdf-disabled-bg-image-bellow-no\" data-id=\"78503cd\" data-element_type=\"section\" data-e-type=\"section\" data-settings=\"{&quot;background_background&quot;:&quot;classic&quot;}\">\n\t\t\t\t\t\t<div class=\"elementor-container elementor-column-gap-default\">\n\t\t\t\t\t<div class=\"elementor-column elementor-col-100 elementor-inner-column elementor-element elementor-element-b28586c\" data-id=\"b28586c\" data-element_type=\"column\" data-e-type=\"column\">\n\t\t\t<div class=\"elementor-widget-wrap elementor-element-populated\">\n\t\t\t\t\t\t<div class=\"elementor-element elementor-element-0228f38 elementor-widget elementor-widget-text-editor\" data-id=\"0228f38\" data-element_type=\"widget\" data-e-type=\"widget\" data-widget_type=\"text-editor.default\">\n\t\t\t\t<div class=\"elementor-widget-container\">\n\t\t\t\t\t\t\t\t\t<h4 style=\"text-align: center;\">M\u00fcnster<\/h4>\t\t\t\t\t\t\t\t<\/div>\n\t\t\t\t<\/div>\n\t\t\t\t<div class=\"elementor-element elementor-element-7f80664 mkdf-link-colors-inverted elementor-widget elementor-widget-text-editor\" data-id=\"7f80664\" data-element_type=\"widget\" data-e-type=\"widget\" data-widget_type=\"text-editor.default\">\n\t\t\t\t<div class=\"elementor-widget-container\">\n\t\t\t\t\t\t\t\t\t<p style=\"line-height: 1.5em; text-align: center; margin-bottom: -12px;\">Adresse: <a href=\"https:\/\/www.google.com\/maps\/place\/Hammer+Str.+72,+48153+M%C3%BCnster\/@51.9493984,7.6215812,17z\/data=!3m1!4b1!4m6!3m5!1s0x47b9bacddb98ccc3:0x86d87a6132e4659a!8m2!3d51.9493951!4d7.6241561!16s%2Fg%2F11b8v4k237?hl=en&amp;entry=ttu&amp;g_ep=EgoyMDI0MTAyMi4wIKXMDSoASAFQAw%3D%3D\" target=\"_blank\" rel=\"noopener noreferrer\">Hammer Str. 72, M\u00fcnster<\/a><\/p><p style=\"line-height: 1.5em; text-align: center; margin-bottom: -12px;\">Email: <a href=\"mailto:info@msbeautyco.de\">info@msbeautyco.de<\/a><\/p><p style=\"line-height: 1.5em; text-align: center; margin-bottom: -12px;\">Telefon: <a href=\"tel:+4925167448123\" target=\"_blank\" rel=\"noopener noreferrer\">+ 49 251 67448123<\/a><\/p>\t\t\t\t\t\t\t\t<\/div>\n\t\t\t\t<\/div>\n\t\t\t\t\t<\/div>\n\t\t<\/div>\n\t\t\t\t\t<\/div>\n\t\t<\/section>\n\t\t\t\t\t<\/div>\n\t\t<\/div>\n\t\t\t\t\t<\/div>\n\t\t<\/section>\n\t\t\t\t<section class=\"elementor-section elementor-top-section elementor-element elementor-element-c47740d elementor-section-full_width elementor-section-height-default elementor-section-height-default mkdf-parallax-row-no mkdf-content-aligment-left mkdf-row-grid-no mkdf-disabled-bg-image-bellow-no\" data-id=\"c47740d\" data-element_type=\"section\" data-e-type=\"section\" data-settings=\"{&quot;background_background&quot;:&quot;classic&quot;}\">\n\t\t\t\t\t\t<div class=\"elementor-container elementor-column-gap-default\">\n\t\t\t\t\t<div class=\"elementor-column elementor-col-100 elementor-top-column elementor-element elementor-element-34f90b9\" data-id=\"34f90b9\" data-element_type=\"column\" data-e-type=\"column\" data-settings=\"{&quot;background_background&quot;:&quot;classic&quot;}\">\n\t\t\t<div class=\"elementor-widget-wrap elementor-element-populated\">\n\t\t\t\t\t\t<div class=\"elementor-element elementor-element-24a8361 elementor-widget-tablet__width-auto elementor-widget elementor-widget-mkdf_section_title\" data-id=\"24a8361\" data-element_type=\"widget\" data-e-type=\"widget\" data-widget_type=\"mkdf_section_title.default\">\n\t\t\t\t<div class=\"elementor-widget-container\">\n\t\t\t\t\t<div class=\"mkdf-section-title-holder  mkdf-st-top-tagline-position   \" >\n\t<div class=\"mkdf-st-inner\">\n\t\t\t\t\t\t\t<span class=\"mkdf-st-tagline\" style=\"color: #E5E5E5\">\n\t\t\t\tBeautyCo\t\t\t<\/span>\n\t\t\t\t\t\t\t<h2 class=\"mkdf-st-title\" >\n\t\t\t\tFrag uns alles\t\t\t<\/h2>\n\t\t\t\t\t\t\t<h5 class=\"mkdf-st-subtitle\" >\n\t\t\t\tDu hast Fragen zu Behandlungen oder \u00c4hnlichem? Schreib uns einfach!\t\t\t<\/h5>\n\t\t\t\t\t\t\t\t\t\t\t<\/div>\n<\/div>\t\t\t\t<\/div>\n\t\t\t\t<\/div>\n\t\t\t\t<div class=\"elementor-element elementor-element-2dd3933 elementor-widget elementor-widget-mkdf_cf7\" data-id=\"2dd3933\" data-element_type=\"widget\" data-e-type=\"widget\" data-widget_type=\"mkdf_cf7.default\">\n\t\t\t\t<div class=\"elementor-widget-container\">\n\t\t\t\t\t    \n<div class=\"wpcf7 no-js\" id=\"wpcf7-f3051-o1\" lang=\"en-US\" dir=\"ltr\" data-wpcf7-id=\"3051\">\n<div class=\"screen-reader-response\"><p role=\"status\" aria-live=\"polite\" aria-atomic=\"true\"><\/p> <ul><\/ul><\/div>\n<form action=\"\/index.php\/wp-json\/wp\/v2\/pages\/824#wpcf7-f3051-o1\" method=\"post\" class=\"wpcf7-form init cf7_custom_style_2\" aria-label=\"Contact form\" novalidate=\"novalidate\" data-status=\"init\">\n<fieldset class=\"hidden-fields-container\"><input type=\"hidden\" name=\"_wpcf7\" value=\"3051\" \/><input type=\"hidden\" name=\"_wpcf7_version\" value=\"6.1.5\" \/><input type=\"hidden\" name=\"_wpcf7_locale\" value=\"en_US\" \/><input type=\"hidden\" name=\"_wpcf7_unit_tag\" value=\"wpcf7-f3051-o1\" \/><input type=\"hidden\" name=\"_wpcf7_container_post\" value=\"0\" \/><input type=\"hidden\" name=\"_wpcf7_posted_data_hash\" value=\"\" \/>\n<\/fieldset>\n<span class=\"wpcf7-form-control-wrap\" data-name=\"your-email\"><input size=\"40\" maxlength=\"400\" class=\"wpcf7-form-control wpcf7-email wpcf7-validates-as-required wpcf7-text wpcf7-validates-as-email\" aria-required=\"true\" aria-invalid=\"false\" placeholder=\"Email*\" value=\"\" type=\"email\" name=\"your-email\" \/><\/span>\n\n<span class=\"wpcf7-form-control-wrap\" data-name=\"your-message\"><textarea cols=\"40\" rows=\"10\" maxlength=\"2000\" class=\"wpcf7-form-control wpcf7-textarea\" aria-invalid=\"false\" placeholder=\"Deine Nachricht\" name=\"your-message\"><\/textarea><\/span>\n\n<div><button type=\"submit\" class=\"wpcf7-form-control wpcf7-submit mkdf-btn mkdf-btn-default\"><span class=\"mkdf-btn-text\">Senden<\/span><\/button><\/div><div class=\"wpcf7-response-output\" aria-hidden=\"true\"><\/div>\n<\/form>\n<\/div>\n\t\t\t\t<\/div>\n\t\t\t\t<\/div>\n\t\t\t\t\t<\/div>\n\t\t<\/div>\n\t\t\t\t\t<\/div>\n\t\t<\/section>\n\t\t\t\t<\/div>\n\t\t","protected":false},"excerpt":{"rendered":"<p>M\u00fcnster Adresse: Hammer Str. 72, M\u00fcnster Email: info@msbeautyco.de Telefon: + 49 251 67448123 BeautyCo Frag uns alles Du hast Fragen zu Behandlungen oder \u00c4hnlichem? Schreib uns einfach! Senden<\/p>\n","protected":false},"author":1,"featured_media":0,"parent":0,"menu_order":0,"comment_status":"closed","ping_status":"closed","template":"full-width.php","meta":{"footnotes":""},"class_list":["post-824","page","type-page","status-publish","hentry"],"_links":{"self":[{"href":"https:\/\/msbeautyco.de\/index.php\/wp-json\/wp\/v2\/pages\/824","targetHints":{"allow":["GET"]}}],"collection":[{"href":"https:\/\/msbeautyco.de\/index.php\/wp-json\/wp\/v2\/pages"}],"about":[{"href":"https:\/\/msbeautyco.de\/index.php\/wp-json\/wp\/v2\/types\/page"}],"author":[{"embeddable":true,"href":"https:\/\/msbeautyco.de\/index.php\/wp-json\/wp\/v2\/users\/1"}],"replies":[{"embeddable":true,"href":"https:\/\/msbeautyco.de\/index.php\/wp-json\/wp\/v2\/comments?post=824"}],"version-history":[{"count":15,"href":"https:\/\/msbeautyco.de\/index.php\/wp-json\/wp\/v2\/pages\/824\/revisions"}],"predecessor-version":[{"id":5473,"href":"https:\/\/msbeautyco.de\/index.php\/wp-json\/wp\/v2\/pages\/824\/revisions\/5473"}],"wp:attachment":[{"href":"https:\/\/msbeautyco.de\/index.php\/wp-json\/wp\/v2\/media?parent=824"}],"curies":[{"name":"wp","href":"https:\/\/api.w.org\/{rel}","templated":true}]}}