{"id":688,"date":"2019-08-09T13:34:03","date_gmt":"2019-08-09T13:34:03","guid":{"rendered":"https:\/\/biagiotti.qodeinteractive.com\/elementor\/?page_id=688"},"modified":"2025-08-03T10:08:07","modified_gmt":"2025-08-03T10:08:07","slug":"our-team","status":"publish","type":"page","link":"https:\/\/msbeautyco.de\/index.php\/our-team\/","title":{"rendered":"Team"},"content":{"rendered":"\t\t<div data-elementor-type=\"wp-page\" data-elementor-id=\"688\" class=\"elementor elementor-688\">\n\t\t\t\t\t\t<section class=\"elementor-section elementor-top-section elementor-element elementor-element-2ea07c5 elementor-section-boxed elementor-section-height-default elementor-section-height-default mkdf-parallax-row-no mkdf-content-aligment-left mkdf-row-grid-no mkdf-disabled-bg-image-bellow-no\" data-id=\"2ea07c5\" data-element_type=\"section\" data-e-type=\"section\">\n\t\t\t\t\t\t<div class=\"elementor-container elementor-column-gap-default\">\n\t\t\t\t\t<div class=\"elementor-column elementor-col-100 elementor-top-column elementor-element elementor-element-7089e91\" data-id=\"7089e91\" data-element_type=\"column\" data-e-type=\"column\">\n\t\t\t<div class=\"elementor-widget-wrap elementor-element-populated\">\n\t\t\t\t\t\t<div class=\"elementor-element elementor-element-620a127 elementor-widget elementor-widget-mkdf_team\" data-id=\"620a127\" data-element_type=\"widget\" data-e-type=\"widget\" data-widget_type=\"mkdf_team.default\">\n\t\t\t\t<div class=\"elementor-widget-container\">\n\t\t\t\t\t<div class=\"mkdf-team-holder mkdf-team-left\">\n\t<div class=\"mkdf-team-inner\">\n\t\t\t\t\t<div class=\"mkdf-team-image\">\n                <img fetchpriority=\"high\" decoding=\"async\" width=\"1270\" height=\"1600\" src=\"https:\/\/msbeautyco.de\/wp-content\/uploads\/2024\/11\/WhatsApp-Image-2024-11-12-at-16.27.06.jpeg\" class=\"attachment-full size-full\" alt=\"Sarah\" srcset=\"https:\/\/msbeautyco.de\/wp-content\/uploads\/2024\/11\/WhatsApp-Image-2024-11-12-at-16.27.06.jpeg 1270w, https:\/\/msbeautyco.de\/wp-content\/uploads\/2024\/11\/WhatsApp-Image-2024-11-12-at-16.27.06-238x300.jpeg 238w, https:\/\/msbeautyco.de\/wp-content\/uploads\/2024\/11\/WhatsApp-Image-2024-11-12-at-16.27.06-813x1024.jpeg 813w, https:\/\/msbeautyco.de\/wp-content\/uploads\/2024\/11\/WhatsApp-Image-2024-11-12-at-16.27.06-768x968.jpeg 768w, https:\/\/msbeautyco.de\/wp-content\/uploads\/2024\/11\/WhatsApp-Image-2024-11-12-at-16.27.06-1219x1536.jpeg 1219w, https:\/\/msbeautyco.de\/wp-content\/uploads\/2024\/11\/WhatsApp-Image-2024-11-12-at-16.27.06-600x756.jpeg 600w\" sizes=\"(max-width: 1270px) 100vw, 1270px\" \/>\t\t\t\t\t\t\t<\/div>\n\t\t\t\t<div class=\"mkdf-team-info\">\n\t\t\t\t\t\t\t<h2 class=\"mkdf-team-name\" >Sarah<\/h2>\n\t\t\t\t\t\t\t\t\t\t<h5 class=\"mkdf-team-position\" >Skincare Expert | Lash- &amp; Browlift Expert<\/h5>\n\t\t\t\t\t\t\t\t\t\t<p class=\"mkdf-team-text\" >2019 habe ich mit Beauty &amp; Bride M\u00fcnster meinen Traum eines eigenen Studios erf\u00fcllt. Nach der Er\u00f6ffnung und der ersten Mitarbeiterin wurde der Wunsch gr\u00f6\u00dfer, nicht nur meine Kundinnen, sondern auch mein Team noch mehr zu unterst\u00fctzen. 2024 habe ich den Salon vergr\u00f6\u00dfert und unter dem Namen Beautyco M\u00fcnster neu ausgerichtet. Die Fokussierung auf reines Brautstyling habe ich dabei bewusst aufgegeben, um alle Menschen willkommen zu hei\u00dfen, unabh\u00e4ngig von Anlass oder Geschlecht. Mein Ziel ist ein Salon, in dem sich sowohl Kundinnen als auch Mitarbeiter*innen wohlf\u00fchlen und Inspiration finden. Sch\u00f6nheit ist vielf\u00e4ltig, und wir m\u00f6chten sie in jedem Menschen hervorheben. Ich freue mich darauf, dich bei uns willkommen zu hei\u00dfen und dich auf deinem Weg zu gesunder, strahlender Haut zu begleiten!<\/p>\n\t\t\t\t\t\t\t\t\t\t<div class=\"mkdf-team-social-holder\">\n\t\t\t\t\t\t\t\t\t\t\t<span class=\"mkdf-team-icon\">    <span class=\"mkdf-icon-shortcode mkdf-normal   \">\n                    <a class=\"\" href=\"https:\/\/www.pinterest.com\/qodeinteractive\/\" target=\"_blank\" rel=\"noopener\">\n                    <i class=\"mkdf-icon-ion-icon  mkdf-icon-element\"><\/i>                    <\/a>\n            <\/span>\n<\/span>\n\t\t\t\t\t\t\t\t\t<\/div>\n\t\t\t\t\t<\/div>\n\t<\/div>\n<\/div>\t\t\t\t<\/div>\n\t\t\t\t<\/div>\n\t\t\t\t\t<\/div>\n\t\t<\/div>\n\t\t\t\t\t<\/div>\n\t\t<\/section>\n\t\t\t\t<section class=\"elementor-section elementor-top-section elementor-element elementor-element-aefc8c3 elementor-section-boxed elementor-section-height-default elementor-section-height-default mkdf-parallax-row-no mkdf-content-aligment-left mkdf-row-grid-no mkdf-disabled-bg-image-bellow-no\" data-id=\"aefc8c3\" data-element_type=\"section\" data-e-type=\"section\">\n\t\t\t\t\t\t<div class=\"elementor-container elementor-column-gap-default\">\n\t\t\t\t\t<div class=\"elementor-column elementor-col-100 elementor-top-column elementor-element elementor-element-2df4878\" data-id=\"2df4878\" data-element_type=\"column\" data-e-type=\"column\">\n\t\t\t<div class=\"elementor-widget-wrap elementor-element-populated\">\n\t\t\t\t\t\t<div class=\"elementor-element elementor-element-d89cb18 elementor-widget elementor-widget-mkdf_team\" data-id=\"d89cb18\" data-element_type=\"widget\" data-e-type=\"widget\" data-widget_type=\"mkdf_team.default\">\n\t\t\t\t<div class=\"elementor-widget-container\">\n\t\t\t\t\t<div class=\"mkdf-team-holder mkdf-team-right\">\n\t<div class=\"mkdf-team-inner\">\n\t\t\t\t\t<div class=\"mkdf-team-image\">\n                <img decoding=\"async\" width=\"1179\" height=\"1202\" src=\"https:\/\/msbeautyco.de\/wp-content\/uploads\/2024\/11\/Ceydan.jpg\" class=\"attachment-full size-full\" alt=\"Ceydan\" srcset=\"https:\/\/msbeautyco.de\/wp-content\/uploads\/2024\/11\/Ceydan.jpg 1179w, https:\/\/msbeautyco.de\/wp-content\/uploads\/2024\/11\/Ceydan-294x300.jpg 294w, https:\/\/msbeautyco.de\/wp-content\/uploads\/2024\/11\/Ceydan-1004x1024.jpg 1004w, https:\/\/msbeautyco.de\/wp-content\/uploads\/2024\/11\/Ceydan-768x783.jpg 768w, https:\/\/msbeautyco.de\/wp-content\/uploads\/2024\/11\/Ceydan-600x612.jpg 600w\" sizes=\"(max-width: 1179px) 100vw, 1179px\" \/>\t\t\t\t\t\t\t<\/div>\n\t\t\t\t<div class=\"mkdf-team-info\">\n\t\t\t\t\t\t\t<h2 class=\"mkdf-team-name\" >Ceyda<\/h2>\n\t\t\t\t\t\t\t\t\t\t<h5 class=\"mkdf-team-position\" >Kosmetikerin <\/h5>\n\t\t\t\t\t\t\t\t\t\t\t\t\t<div class=\"mkdf-team-social-holder\">\n\t\t\t\t\t\t\t\t\t\t\t<span class=\"mkdf-team-icon\">    <span class=\"mkdf-icon-shortcode mkdf-normal   \">\n                    <a class=\"\" href=\"https:\/\/www.facebook.com\/QodeInteractive\/\" target=\"_blank\" rel=\"noopener\">\n                    <i class=\"mkdf-icon-ion-icon ion-social-facebook mkdf-icon-element\"><\/i>                    <\/a>\n            <\/span>\n<\/span>\n\t\t\t\t\t\t\t\t\t<\/div>\n\t\t\t\t\t<\/div>\n\t<\/div>\n<\/div>\t\t\t\t<\/div>\n\t\t\t\t<\/div>\n\t\t\t\t\t<\/div>\n\t\t<\/div>\n\t\t\t\t\t<\/div>\n\t\t<\/section>\n\t\t\t\t<section class=\"elementor-section elementor-top-section elementor-element elementor-element-e05f14c elementor-section-boxed elementor-section-height-default elementor-section-height-default mkdf-parallax-row-no mkdf-content-aligment-left mkdf-row-grid-no mkdf-disabled-bg-image-bellow-no\" data-id=\"e05f14c\" data-element_type=\"section\" data-e-type=\"section\">\n\t\t\t\t\t\t<div class=\"elementor-container elementor-column-gap-default\">\n\t\t\t\t\t<div class=\"elementor-column elementor-col-100 elementor-top-column elementor-element elementor-element-b787dcd\" data-id=\"b787dcd\" data-element_type=\"column\" data-e-type=\"column\">\n\t\t\t<div class=\"elementor-widget-wrap elementor-element-populated\">\n\t\t\t\t\t\t<div class=\"elementor-element elementor-element-8265f0d elementor-widget elementor-widget-mkdf_team\" data-id=\"8265f0d\" data-element_type=\"widget\" data-e-type=\"widget\" data-widget_type=\"mkdf_team.default\">\n\t\t\t\t<div class=\"elementor-widget-container\">\n\t\t\t\t\t<div class=\"mkdf-team-holder mkdf-team-left\">\n\t<div class=\"mkdf-team-inner\">\n\t\t\t\t\t<div class=\"mkdf-team-image\">\n                <img decoding=\"async\" width=\"1200\" height=\"1600\" src=\"https:\/\/msbeautyco.de\/wp-content\/uploads\/2024\/11\/Joline.jpg\" class=\"attachment-full size-full\" alt=\"Joline\" srcset=\"https:\/\/msbeautyco.de\/wp-content\/uploads\/2024\/11\/Joline.jpg 1200w, https:\/\/msbeautyco.de\/wp-content\/uploads\/2024\/11\/Joline-225x300.jpg 225w, https:\/\/msbeautyco.de\/wp-content\/uploads\/2024\/11\/Joline-768x1024.jpg 768w, https:\/\/msbeautyco.de\/wp-content\/uploads\/2024\/11\/Joline-1152x1536.jpg 1152w, https:\/\/msbeautyco.de\/wp-content\/uploads\/2024\/11\/Joline-600x800.jpg 600w\" sizes=\"(max-width: 1200px) 100vw, 1200px\" \/>\t\t\t\t\t\t\t<\/div>\n\t\t\t\t<div class=\"mkdf-team-info\">\n\t\t\t\t\t\t\t<h2 class=\"mkdf-team-name\" >Joline<\/h2>\n\t\t\t\t\t\t\t\t\t\t<h5 class=\"mkdf-team-position\" >Kosmetikerin | Lash- &amp; Browlifting Expert<\/h5>\n\t\t\t\t\t\t\t\t\t\t\t\t\t<div class=\"mkdf-team-social-holder\">\n\t\t\t\t\t\t\t\t\t\t\t<span class=\"mkdf-team-icon\">    <span class=\"mkdf-icon-shortcode mkdf-normal   \">\n                    <a class=\"\" href=\"https:\/\/www.pinterest.com\/qodeinteractive\/\" target=\"_blank\" rel=\"noopener\">\n                    <i class=\"mkdf-icon-ion-icon ion-social-pinterest mkdf-icon-element\"><\/i>                    <\/a>\n            <\/span>\n<\/span>\n\t\t\t\t\t\t\t\t\t<\/div>\n\t\t\t\t\t<\/div>\n\t<\/div>\n<\/div>\t\t\t\t<\/div>\n\t\t\t\t<\/div>\n\t\t\t\t\t<\/div>\n\t\t<\/div>\n\t\t\t\t\t<\/div>\n\t\t<\/section>\n\t\t\t\t<section class=\"elementor-section elementor-top-section elementor-element elementor-element-b6e3ae9 elementor-section-boxed elementor-section-height-default elementor-section-height-default mkdf-parallax-row-no mkdf-content-aligment-left mkdf-row-grid-no mkdf-disabled-bg-image-bellow-no\" data-id=\"b6e3ae9\" data-element_type=\"section\" data-e-type=\"section\">\n\t\t\t\t\t\t<div class=\"elementor-container elementor-column-gap-default\">\n\t\t\t\t\t<div class=\"elementor-column elementor-col-100 elementor-top-column elementor-element elementor-element-ed0099a\" data-id=\"ed0099a\" data-element_type=\"column\" data-e-type=\"column\">\n\t\t\t<div class=\"elementor-widget-wrap elementor-element-populated\">\n\t\t\t\t\t\t<div class=\"elementor-element elementor-element-2e32c0e elementor-widget elementor-widget-mkdf_team\" data-id=\"2e32c0e\" data-element_type=\"widget\" data-e-type=\"widget\" data-widget_type=\"mkdf_team.default\">\n\t\t\t\t<div class=\"elementor-widget-container\">\n\t\t\t\t\t<div class=\"mkdf-team-holder mkdf-team-right\">\n\t<div class=\"mkdf-team-inner\">\n\t\t\t\t\t<div class=\"mkdf-team-image\">\n                <img loading=\"lazy\" decoding=\"async\" width=\"1179\" height=\"1531\" src=\"https:\/\/msbeautyco.de\/wp-content\/uploads\/2024\/11\/image1-1.jpeg\" class=\"attachment-full size-full\" alt=\"Verena\" srcset=\"https:\/\/msbeautyco.de\/wp-content\/uploads\/2024\/11\/image1-1.jpeg 1179w, https:\/\/msbeautyco.de\/wp-content\/uploads\/2024\/11\/image1-1-231x300.jpeg 231w, https:\/\/msbeautyco.de\/wp-content\/uploads\/2024\/11\/image1-1-789x1024.jpeg 789w, https:\/\/msbeautyco.de\/wp-content\/uploads\/2024\/11\/image1-1-768x997.jpeg 768w, https:\/\/msbeautyco.de\/wp-content\/uploads\/2024\/11\/image1-1-600x779.jpeg 600w\" sizes=\"(max-width: 1179px) 100vw, 1179px\" \/>\t\t\t\t\t\t\t<\/div>\n\t\t\t\t<div class=\"mkdf-team-info\">\n\t\t\t\t\t\t\t<h2 class=\"mkdf-team-name\" >Verena<\/h2>\n\t\t\t\t\t\t\t\t\t\t<h5 class=\"mkdf-team-position\" >Kosmetikerin<\/h5>\n\t\t\t\t\t\t\t\t\t\t\t\t\t<div class=\"mkdf-team-social-holder\">\n\t\t\t\t\t\t\t\t\t\t\t<span class=\"mkdf-team-icon\">    <span class=\"mkdf-icon-shortcode mkdf-normal   \">\n                    <a class=\"\" href=\"https:\/\/www.facebook.com\/QodeInteractive\/\" target=\"_blank\" rel=\"noopener\">\n                    <i class=\"mkdf-icon-ion-icon ion-social-facebook mkdf-icon-element\"><\/i>                    <\/a>\n            <\/span>\n<\/span>\n\t\t\t\t\t\t\t\t\t<\/div>\n\t\t\t\t\t<\/div>\n\t<\/div>\n<\/div>\t\t\t\t<\/div>\n\t\t\t\t<\/div>\n\t\t\t\t\t<\/div>\n\t\t<\/div>\n\t\t\t\t\t<\/div>\n\t\t<\/section>\n\t\t\t\t<\/div>\n\t\t","protected":false},"excerpt":{"rendered":"<p>Sarah Skincare Expert | Lash- &amp; Browlift Expert 2019 habe ich mit Beauty &amp; Bride M\u00fcnster meinen Traum eines eigenen Studios erf\u00fcllt. Nach der Er\u00f6ffnung und der ersten Mitarbeiterin wurde der Wunsch gr\u00f6\u00dfer, nicht nur meine Kundinnen, sondern auch mein [&hellip;]<\/p>\n","protected":false},"author":1,"featured_media":0,"parent":0,"menu_order":0,"comment_status":"closed","ping_status":"closed","template":"full-width.php","meta":{"footnotes":""},"class_list":["post-688","page","type-page","status-publish","hentry"],"_links":{"self":[{"href":"https:\/\/msbeautyco.de\/index.php\/wp-json\/wp\/v2\/pages\/688","targetHints":{"allow":["GET"]}}],"collection":[{"href":"https:\/\/msbeautyco.de\/index.php\/wp-json\/wp\/v2\/pages"}],"about":[{"href":"https:\/\/msbeautyco.de\/index.php\/wp-json\/wp\/v2\/types\/page"}],"author":[{"embeddable":true,"href":"https:\/\/msbeautyco.de\/index.php\/wp-json\/wp\/v2\/users\/1"}],"replies":[{"embeddable":true,"href":"https:\/\/msbeautyco.de\/index.php\/wp-json\/wp\/v2\/comments?post=688"}],"version-history":[{"count":37,"href":"https:\/\/msbeautyco.de\/index.php\/wp-json\/wp\/v2\/pages\/688\/revisions"}],"predecessor-version":[{"id":5644,"href":"https:\/\/msbeautyco.de\/index.php\/wp-json\/wp\/v2\/pages\/688\/revisions\/5644"}],"wp:attachment":[{"href":"https:\/\/msbeautyco.de\/index.php\/wp-json\/wp\/v2\/media?parent=688"}],"curies":[{"name":"wp","href":"https:\/\/api.w.org\/{rel}","templated":true}]}}